{"id":3218,"date":"2023-07-04T09:25:17","date_gmt":"2023-07-04T07:25:19","guid":{"rendered":"https:\/\/closdeloratoiredespapes.fr\/?post_type=product&#038;p=3218"},"modified":"2024-04-23T12:08:56","modified_gmt":"2024-04-23T10:08:56","slug":"loratoire-des-papes-choregies-red-2020","status":"publish","type":"product","link":"https:\/\/loratoiredespapes.fr\/en\/produit\/loratoire-des-papes-choregies-red-2020\/","title":{"rendered":"Les Chor\u00e9gies red 2020"},"content":{"rendered":"<p>[et_pb_section fb_built=&#8221;1&#8243; _builder_version=&#8221;4.22.2&#8243; _module_preset=&#8221;default&#8221; global_colors_info=&#8221;{}&#8221;][\/et_pb_section]<\/p>\n","protected":false},"excerpt":{"rendered":"<p>[et_pb_section fb_built=&#8221;1&#8243; _builder_version=&#8221;4.22.2&#8243; _module_preset=&#8221;default&#8221; global_colors_info=&#8221;{}&#8221;][\/et_pb_section]<\/p>\n","protected":false},"featured_media":4105,"comment_status":"open","ping_status":"closed","template":"","meta":{"_acf_changed":false,"_et_pb_use_builder":"off","_et_pb_old_content":"","_et_gb_content_width":"","inline_featured_image":false},"product_brand":[],"product_cat":[97],"product_tag":[113],"class_list":{"0":"post-3218","1":"product","2":"type-product","3":"status-publish","4":"has-post-thumbnail","6":"product_cat-choregies-red-en","7":"product_tag-2020-en","9":"first","10":"outofstock","11":"taxable","12":"shipping-taxable","13":"purchasable","14":"product-type-variable"},"composite_virtual":false,"composite_layout":"","composite_add_to_cart_form_location":"","composite_editable_in_cart":false,"composite_sold_individually_context":"","composite_shop_price_calc":"","composite_components":[],"composite_scenarios":[],"acf":[],"yoast_head":"<!-- This site is optimized with the Yoast SEO plugin v27.3 - https:\/\/yoast.com\/product\/yoast-seo-wordpress\/ -->\n<title>Les Chor\u00e9gies red 2020 - L&#039;Oratoire des Papes<\/title>\n<meta name=\"description\" content=\"Vin rouge de Ch\u00e2teauneuf-du-Pape, mill\u00e9sime 2020, Les Chor\u00e9gies rouge\" \/>\n<meta name=\"robots\" content=\"index, follow, max-snippet:-1, max-image-preview:large, max-video-preview:-1\" \/>\n<link rel=\"canonical\" href=\"https:\/\/loratoiredespapes.fr\/en\/produit\/loratoire-des-papes-choregies-red-2020\/\" \/>\n<meta property=\"og:locale\" content=\"en_US\" \/>\n<meta property=\"og:type\" content=\"article\" \/>\n<meta property=\"og:title\" content=\"Les Chor\u00e9gies red 2020 - L&#039;Oratoire des Papes\" \/>\n<meta property=\"og:description\" content=\"Vin rouge de Ch\u00e2teauneuf-du-Pape, mill\u00e9sime 2020, Les Chor\u00e9gies rouge\" \/>\n<meta property=\"og:url\" content=\"https:\/\/loratoiredespapes.fr\/en\/produit\/loratoire-des-papes-choregies-red-2020\/\" \/>\n<meta property=\"og:site_name\" content=\"L&#039;Oratoire des Papes\" \/>\n<meta property=\"article:publisher\" content=\"https:\/\/www.facebook.com\/loratoiredespapes\" \/>\n<meta property=\"article:modified_time\" content=\"2024-04-23T10:08:56+00:00\" \/>\n<meta property=\"og:image\" content=\"https:\/\/loratoiredespapes.fr\/wp-content\/uploads\/2023\/06\/BOUTIQUE_CHOR-ROUGE.jpg\" \/>\n\t<meta property=\"og:image:width\" content=\"700\" \/>\n\t<meta property=\"og:image:height\" content=\"700\" \/>\n\t<meta property=\"og:image:type\" content=\"image\/jpeg\" \/>\n<meta name=\"twitter:card\" content=\"summary_large_image\" \/>\n<meta name=\"twitter:label1\" content=\"Est. reading time\" \/>\n\t<meta name=\"twitter:data1\" content=\"1 minute\" \/>\n<script type=\"application\/ld+json\" class=\"yoast-schema-graph\">{\"@context\":\"https:\\\/\\\/schema.org\",\"@graph\":[{\"@type\":[\"WebPage\",\"ItemPage\"],\"@id\":\"https:\\\/\\\/loratoiredespapes.fr\\\/en\\\/produit\\\/loratoire-des-papes-choregies-red-2020\\\/\",\"url\":\"https:\\\/\\\/loratoiredespapes.fr\\\/en\\\/produit\\\/loratoire-des-papes-choregies-red-2020\\\/\",\"name\":\"Les Chor\u00e9gies red 2020 - L&#039;Oratoire des Papes\",\"isPartOf\":{\"@id\":\"https:\\\/\\\/loratoiredespapes.fr\\\/en\\\/#website\"},\"primaryImageOfPage\":{\"@id\":\"https:\\\/\\\/loratoiredespapes.fr\\\/en\\\/produit\\\/loratoire-des-papes-choregies-red-2020\\\/#primaryimage\"},\"image\":{\"@id\":\"https:\\\/\\\/loratoiredespapes.fr\\\/en\\\/produit\\\/loratoire-des-papes-choregies-red-2020\\\/#primaryimage\"},\"thumbnailUrl\":\"https:\\\/\\\/loratoiredespapes.fr\\\/wp-content\\\/uploads\\\/2023\\\/07\\\/ORATOIRE-DES-PAPES_Les-Choregies-rouge-2020.png\",\"datePublished\":\"2023-07-04T07:25:19+00:00\",\"dateModified\":\"2024-04-23T10:08:56+00:00\",\"description\":\"Vin rouge de Ch\u00e2teauneuf-du-Pape, mill\u00e9sime 2020, Les Chor\u00e9gies rouge\",\"breadcrumb\":{\"@id\":\"https:\\\/\\\/loratoiredespapes.fr\\\/en\\\/produit\\\/loratoire-des-papes-choregies-red-2020\\\/#breadcrumb\"},\"inLanguage\":\"en-US\",\"potentialAction\":[{\"@type\":\"ReadAction\",\"target\":[\"https:\\\/\\\/loratoiredespapes.fr\\\/en\\\/produit\\\/loratoire-des-papes-choregies-red-2020\\\/\"]}]},{\"@type\":\"ImageObject\",\"inLanguage\":\"en-US\",\"@id\":\"https:\\\/\\\/loratoiredespapes.fr\\\/en\\\/produit\\\/loratoire-des-papes-choregies-red-2020\\\/#primaryimage\",\"url\":\"https:\\\/\\\/loratoiredespapes.fr\\\/wp-content\\\/uploads\\\/2023\\\/07\\\/ORATOIRE-DES-PAPES_Les-Choregies-rouge-2020.png\",\"contentUrl\":\"https:\\\/\\\/loratoiredespapes.fr\\\/wp-content\\\/uploads\\\/2023\\\/07\\\/ORATOIRE-DES-PAPES_Les-Choregies-rouge-2020.png\",\"width\":720,\"height\":720},{\"@type\":\"BreadcrumbList\",\"@id\":\"https:\\\/\\\/loratoiredespapes.fr\\\/en\\\/produit\\\/loratoire-des-papes-choregies-red-2020\\\/#breadcrumb\",\"itemListElement\":[{\"@type\":\"ListItem\",\"position\":1,\"name\":\"Accueil\",\"item\":\"https:\\\/\\\/loratoiredespapes.fr\\\/en\\\/\"},{\"@type\":\"ListItem\",\"position\":2,\"name\":\"Shop\",\"item\":\"https:\\\/\\\/loratoiredespapes.fr\\\/en\\\/boutique\\\/\"},{\"@type\":\"ListItem\",\"position\":3,\"name\":\"Les Chor\u00e9gies red 2020\"}]},{\"@type\":\"WebSite\",\"@id\":\"https:\\\/\\\/loratoiredespapes.fr\\\/en\\\/#website\",\"url\":\"https:\\\/\\\/loratoiredespapes.fr\\\/en\\\/\",\"name\":\"L'oratoire des Papes\",\"description\":\"Ch\u00e2teauneuf-du-Pape\",\"publisher\":{\"@id\":\"https:\\\/\\\/loratoiredespapes.fr\\\/en\\\/#organization\"},\"alternateName\":\"L'oratoire des Papes\",\"potentialAction\":[{\"@type\":\"SearchAction\",\"target\":{\"@type\":\"EntryPoint\",\"urlTemplate\":\"https:\\\/\\\/loratoiredespapes.fr\\\/en\\\/?s={search_term_string}\"},\"query-input\":{\"@type\":\"PropertyValueSpecification\",\"valueRequired\":true,\"valueName\":\"search_term_string\"}}],\"inLanguage\":\"en-US\"},{\"@type\":\"Organization\",\"@id\":\"https:\\\/\\\/loratoiredespapes.fr\\\/en\\\/#organization\",\"name\":\"L'Oratoire des Papes\",\"alternateName\":\"L'Oratoire des Papes\",\"url\":\"https:\\\/\\\/loratoiredespapes.fr\\\/en\\\/\",\"logo\":{\"@type\":\"ImageObject\",\"inLanguage\":\"en-US\",\"@id\":\"https:\\\/\\\/loratoiredespapes.fr\\\/en\\\/#\\\/schema\\\/logo\\\/image\\\/\",\"url\":\"https:\\\/\\\/loratoiredespapes.fr\\\/wp-content\\\/uploads\\\/2023\\\/12\\\/LOGO-ODP.png\",\"contentUrl\":\"https:\\\/\\\/loratoiredespapes.fr\\\/wp-content\\\/uploads\\\/2023\\\/12\\\/LOGO-ODP.png\",\"width\":720,\"height\":720,\"caption\":\"L'Oratoire des Papes\"},\"image\":{\"@id\":\"https:\\\/\\\/loratoiredespapes.fr\\\/en\\\/#\\\/schema\\\/logo\\\/image\\\/\"},\"sameAs\":[\"https:\\\/\\\/www.facebook.com\\\/loratoiredespapes\",\"https:\\\/\\\/www.instagram.com\\\/loratoiredespapes\\\/\",\"https:\\\/\\\/www.linkedin.com\\\/company\\\/l-oratoire-des-papes\\\/\"]}]}<\/script>\n<!-- \/ Yoast SEO plugin. -->","yoast_head_json":{"title":"Les Chor\u00e9gies red 2020 - L&#039;Oratoire des Papes","description":"Vin rouge de Ch\u00e2teauneuf-du-Pape, mill\u00e9sime 2020, Les Chor\u00e9gies rouge","robots":{"index":"index","follow":"follow","max-snippet":"max-snippet:-1","max-image-preview":"max-image-preview:large","max-video-preview":"max-video-preview:-1"},"canonical":"https:\/\/loratoiredespapes.fr\/en\/produit\/loratoire-des-papes-choregies-red-2020\/","og_locale":"en_US","og_type":"article","og_title":"Les Chor\u00e9gies red 2020 - L&#039;Oratoire des Papes","og_description":"Vin rouge de Ch\u00e2teauneuf-du-Pape, mill\u00e9sime 2020, Les Chor\u00e9gies rouge","og_url":"https:\/\/loratoiredespapes.fr\/en\/produit\/loratoire-des-papes-choregies-red-2020\/","og_site_name":"L&#039;Oratoire des Papes","article_publisher":"https:\/\/www.facebook.com\/loratoiredespapes","article_modified_time":"2024-04-23T10:08:56+00:00","og_image":[{"width":700,"height":700,"url":"https:\/\/loratoiredespapes.fr\/wp-content\/uploads\/2023\/06\/BOUTIQUE_CHOR-ROUGE.jpg","type":"image\/jpeg"}],"twitter_card":"summary_large_image","twitter_misc":{"Est. reading time":"1 minute"},"schema":{"@context":"https:\/\/schema.org","@graph":[{"@type":["WebPage","ItemPage"],"@id":"https:\/\/loratoiredespapes.fr\/en\/produit\/loratoire-des-papes-choregies-red-2020\/","url":"https:\/\/loratoiredespapes.fr\/en\/produit\/loratoire-des-papes-choregies-red-2020\/","name":"Les Chor\u00e9gies red 2020 - L&#039;Oratoire des Papes","isPartOf":{"@id":"https:\/\/loratoiredespapes.fr\/en\/#website"},"primaryImageOfPage":{"@id":"https:\/\/loratoiredespapes.fr\/en\/produit\/loratoire-des-papes-choregies-red-2020\/#primaryimage"},"image":{"@id":"https:\/\/loratoiredespapes.fr\/en\/produit\/loratoire-des-papes-choregies-red-2020\/#primaryimage"},"thumbnailUrl":"https:\/\/loratoiredespapes.fr\/wp-content\/uploads\/2023\/07\/ORATOIRE-DES-PAPES_Les-Choregies-rouge-2020.png","datePublished":"2023-07-04T07:25:19+00:00","dateModified":"2024-04-23T10:08:56+00:00","description":"Vin rouge de Ch\u00e2teauneuf-du-Pape, mill\u00e9sime 2020, Les Chor\u00e9gies rouge","breadcrumb":{"@id":"https:\/\/loratoiredespapes.fr\/en\/produit\/loratoire-des-papes-choregies-red-2020\/#breadcrumb"},"inLanguage":"en-US","potentialAction":[{"@type":"ReadAction","target":["https:\/\/loratoiredespapes.fr\/en\/produit\/loratoire-des-papes-choregies-red-2020\/"]}]},{"@type":"ImageObject","inLanguage":"en-US","@id":"https:\/\/loratoiredespapes.fr\/en\/produit\/loratoire-des-papes-choregies-red-2020\/#primaryimage","url":"https:\/\/loratoiredespapes.fr\/wp-content\/uploads\/2023\/07\/ORATOIRE-DES-PAPES_Les-Choregies-rouge-2020.png","contentUrl":"https:\/\/loratoiredespapes.fr\/wp-content\/uploads\/2023\/07\/ORATOIRE-DES-PAPES_Les-Choregies-rouge-2020.png","width":720,"height":720},{"@type":"BreadcrumbList","@id":"https:\/\/loratoiredespapes.fr\/en\/produit\/loratoire-des-papes-choregies-red-2020\/#breadcrumb","itemListElement":[{"@type":"ListItem","position":1,"name":"Accueil","item":"https:\/\/loratoiredespapes.fr\/en\/"},{"@type":"ListItem","position":2,"name":"Shop","item":"https:\/\/loratoiredespapes.fr\/en\/boutique\/"},{"@type":"ListItem","position":3,"name":"Les Chor\u00e9gies red 2020"}]},{"@type":"WebSite","@id":"https:\/\/loratoiredespapes.fr\/en\/#website","url":"https:\/\/loratoiredespapes.fr\/en\/","name":"L'oratoire des Papes","description":"Ch\u00e2teauneuf-du-Pape","publisher":{"@id":"https:\/\/loratoiredespapes.fr\/en\/#organization"},"alternateName":"L'oratoire des Papes","potentialAction":[{"@type":"SearchAction","target":{"@type":"EntryPoint","urlTemplate":"https:\/\/loratoiredespapes.fr\/en\/?s={search_term_string}"},"query-input":{"@type":"PropertyValueSpecification","valueRequired":true,"valueName":"search_term_string"}}],"inLanguage":"en-US"},{"@type":"Organization","@id":"https:\/\/loratoiredespapes.fr\/en\/#organization","name":"L'Oratoire des Papes","alternateName":"L'Oratoire des Papes","url":"https:\/\/loratoiredespapes.fr\/en\/","logo":{"@type":"ImageObject","inLanguage":"en-US","@id":"https:\/\/loratoiredespapes.fr\/en\/#\/schema\/logo\/image\/","url":"https:\/\/loratoiredespapes.fr\/wp-content\/uploads\/2023\/12\/LOGO-ODP.png","contentUrl":"https:\/\/loratoiredespapes.fr\/wp-content\/uploads\/2023\/12\/LOGO-ODP.png","width":720,"height":720,"caption":"L'Oratoire des Papes"},"image":{"@id":"https:\/\/loratoiredespapes.fr\/en\/#\/schema\/logo\/image\/"},"sameAs":["https:\/\/www.facebook.com\/loratoiredespapes","https:\/\/www.instagram.com\/loratoiredespapes\/","https:\/\/www.linkedin.com\/company\/l-oratoire-des-papes\/"]}]}},"_links":{"self":[{"href":"https:\/\/loratoiredespapes.fr\/en\/wp-json\/wp\/v2\/product\/3218","targetHints":{"allow":["GET"]}}],"collection":[{"href":"https:\/\/loratoiredespapes.fr\/en\/wp-json\/wp\/v2\/product"}],"about":[{"href":"https:\/\/loratoiredespapes.fr\/en\/wp-json\/wp\/v2\/types\/product"}],"replies":[{"embeddable":true,"href":"https:\/\/loratoiredespapes.fr\/en\/wp-json\/wp\/v2\/comments?post=3218"}],"wp:featuredmedia":[{"embeddable":true,"href":"https:\/\/loratoiredespapes.fr\/en\/wp-json\/wp\/v2\/media\/4105"}],"wp:attachment":[{"href":"https:\/\/loratoiredespapes.fr\/en\/wp-json\/wp\/v2\/media?parent=3218"}],"wp:term":[{"taxonomy":"product_brand","embeddable":true,"href":"https:\/\/loratoiredespapes.fr\/en\/wp-json\/wp\/v2\/product_brand?post=3218"},{"taxonomy":"product_cat","embeddable":true,"href":"https:\/\/loratoiredespapes.fr\/en\/wp-json\/wp\/v2\/product_cat?post=3218"},{"taxonomy":"product_tag","embeddable":true,"href":"https:\/\/loratoiredespapes.fr\/en\/wp-json\/wp\/v2\/product_tag?post=3218"}],"curies":[{"name":"wp","href":"https:\/\/api.w.org\/{rel}","templated":true}]}}