{"id":1383,"date":"2022-01-18T11:57:50","date_gmt":"2022-01-18T10:57:50","guid":{"rendered":"https:\/\/closdeloratoiredespapes.fr\/le-prieure\/"},"modified":"2024-02-07T10:23:11","modified_gmt":"2024-02-07T09:23:11","slug":"le-prieure","status":"publish","type":"page","link":"https:\/\/loratoiredespapes.fr\/en\/le-prieure\/","title":{"rendered":"The Priory"},"content":{"rendered":"<p>[et_pb_section fb_built=&#8221;1&#8243; _builder_version=&#8221;4.16&#8243; _module_preset=&#8221;default&#8221; global_colors_info=&#8221;{}&#8221;][et_pb_row module_class=&#8221;centrer-verticalement&#8221; _builder_version=&#8221;4.22.2&#8243; _module_preset=&#8221;default&#8221; background_image=&#8221;https:\/\/loratoiredespapes.fr\/wp-content\/uploads\/2023\/12\/PRIEURE-HEADER-FR-ET-ENG-min.jpg&#8221; width=&#8221;100%&#8221; max_width=&#8221;100%&#8221; min_height=&#8221;300px&#8221; global_colors_info=&#8221;{}&#8221;][et_pb_column type=&#8221;4_4&#8243; _builder_version=&#8221;4.16&#8243; _module_preset=&#8221;default&#8221; global_colors_info=&#8221;{}&#8221;][et_pb_text _builder_version=&#8221;4.16&#8243; _module_preset=&#8221;default&#8221; text_orientation=&#8221;center&#8221; custom_css_before=&#8221;content: %22THE PRIORY%22;||font-size: 95px;||font-family: &#8216;bg-bk&#8217;;||color: #FFFFFF;||opacity: 0.2;||position: absolute;||display: block;||width: 100%;&#8221; global_colors_info=&#8221;{}&#8221; custom_css_before_last_edited=&#8221;on|phone&#8221; custom_css_before_phone=&#8221;content: %22THE PRIORY%22;||font-size: 55px;||font-family: &#8216;bg-bk&#8217;;||color: #FFFFFF;||opacity: 0.2;||position: absolute;||display: block;||width: 100%;&#8221; custom_css_before_tablet=&#8221;content: %22THE PRIORY%22;||font-size: 120px;||font-family: &#8216;bg-bk&#8217;;||color: #FFFFFF;||opacity: 0.2;||position: absolute;||display: block;||width: 100%;&#8221;]<\/p>\n<h1 class=\"title-page\">THE PRIORY<\/h1>\n<p>[\/et_pb_text][\/et_pb_column][\/et_pb_row][\/et_pb_section][et_pb_section fb_built=&#8221;1&#8243; module_class=&#8221;section-txt-histoire&#8221; _builder_version=&#8221;4.16&#8243; _module_preset=&#8221;default&#8221; custom_margin=&#8221;100px||100px||false|false&#8221; global_colors_info=&#8221;{}&#8221;][et_pb_row _builder_version=&#8221;4.16&#8243; _module_preset=&#8221;default&#8221; width=&#8221;70%&#8221; max_width=&#8221;70%&#8221; global_colors_info=&#8221;{}&#8221;][et_pb_column type=&#8221;4_4&#8243; _builder_version=&#8221;4.16&#8243; _module_preset=&#8221;default&#8221; global_colors_info=&#8221;{}&#8221;][et_pb_code module_class=&#8221;title-mobile&#8221; _builder_version=&#8221;4.16&#8243; _module_preset=&#8221;default&#8221; custom_css_before=&#8221;content: %22THE BUILDING%22;||font-size: 65px;||color: #F0F0F0; ||font-family: &#8216;bg-bk&#8217;;||position: absolute;||display: block;||width: 100%;&#8221; global_colors_info=&#8221;{}&#8221; custom_css_before_last_edited=&#8221;on|phone&#8221; custom_css_before_phone=&#8221;content: %22LA B\u00c2TISSE%22;||font-size: 50px !important;||color: #F0F0F0; ||font-family: &#8216;bg-bk&#8217;;||position: absolute;||display: block;||width: 100%;&#8221; custom_css_before_tablet=&#8221;content: %22LA B\u00c2TISSE%22;||font-size: 70px;||color: #F0F0F0; ||font-family: &#8216;bg-bk&#8217;;||position: absolute;||display: block;||width: 100%;&#8221;]<\/p>\n<h2 class=\"title-section-left-no-margin\"><!-- [et_pb_line_break_holder] -->THE BUILDING<!-- [et_pb_line_break_holder] --><\/h2>\n<p>[\/et_pb_code][et_pb_text _builder_version=&#8221;4.22.2&#8243; _module_preset=&#8221;default&#8221; hover_enabled=&#8221;0&#8243; global_colors_info=&#8221;{}&#8221; sticky_enabled=&#8221;0&#8243;]<\/p>\n<p class=\"text-section\">The origins of the building date back to the era of the Princes of Orange in the early 16th century. In 1736, King Louis XV of France appropriated the pond and its outbuildings already surrounded by vines. Two centuries on, the Diocese of Avignon decided to establish residence on the site and convert it into a priory for its monks who also retained their status of winemakers.<\/p>\n<p class=\"text-section\">When the 1905 Law of Separation of Church and State came into force at the beginning of the 20th century, the estate became the property of the department, and subsequently of the commune of Courth\u00e9zon. Galleries were excavated to extract the salt from the pond. This activity was suspended a few years later to return the site to the tranquility and majesty it so rightly deserved. Troglodyte caves, connected to the building through tunnels, still stand today, along with the statue of the Holy Virgin Mary, positioned above the doorway of the south facade, bearing witness to their passage.<\/p>\n<p class=\"text-section\">[\/et_pb_text][\/et_pb_column][\/et_pb_row][\/et_pb_section][et_pb_section fb_built=&#8221;1&#8243; module_class=&#8221;section-txt-histoire&#8221; _builder_version=&#8221;4.16&#8243; _module_preset=&#8221;default&#8221; custom_margin=&#8221;100px||100px||false|false&#8221; global_colors_info=&#8221;{}&#8221;][et_pb_row column_structure=&#8221;1_2,1_2&#8243; _builder_version=&#8221;4.16&#8243; _module_preset=&#8221;default&#8221; width=&#8221;90%&#8221; max_width=&#8221;90%&#8221; custom_margin=&#8221;||50px||false|false&#8221; global_colors_info=&#8221;{}&#8221;][et_pb_column type=&#8221;1_2&#8243; _builder_version=&#8221;4.16&#8243; _module_preset=&#8221;default&#8221; global_colors_info=&#8221;{}&#8221;][et_pb_image src=&#8221;https:\/\/loratoiredespapes.fr\/wp-content\/uploads\/2023\/12\/ORATOIRE-DES-PAPES_Prieure-1.png&#8221; alt=&#8221;batisse-1&#8243; title_text=&#8221;ORATOIRE DES PAPES_Prieure (1)&#8221; _builder_version=&#8221;4.22.2&#8243; _module_preset=&#8221;default&#8221; global_colors_info=&#8221;{}&#8221;][\/et_pb_image][\/et_pb_column][et_pb_column type=&#8221;1_2&#8243; _builder_version=&#8221;4.16&#8243; _module_preset=&#8221;default&#8221; global_colors_info=&#8221;{}&#8221;][et_pb_image src=&#8221;https:\/\/loratoiredespapes.fr\/wp-content\/uploads\/2023\/12\/ORATOIRE-DES-PAPES_Prieure.png&#8221; alt=&#8221;DJI_0430&#8243; title_text=&#8221;ORATOIRE DES PAPES_Prieure&#8221; _builder_version=&#8221;4.22.2&#8243; _module_preset=&#8221;default&#8221; global_colors_info=&#8221;{}&#8221;][\/et_pb_image][\/et_pb_column][\/et_pb_row][et_pb_row column_structure=&#8221;1_2,1_2&#8243; make_equal=&#8221;on&#8221; _builder_version=&#8221;4.16&#8243; _module_preset=&#8221;default&#8221; width=&#8221;90%&#8221; max_width=&#8221;90%&#8221; custom_margin=&#8221;50px||||false|false&#8221; global_colors_info=&#8221;{}&#8221;][et_pb_column type=&#8221;1_2&#8243; module_class=&#8221;centrer-verticalement&#8221; _builder_version=&#8221;4.16&#8243; _module_preset=&#8221;default&#8221; global_colors_info=&#8221;{}&#8221;][et_pb_text _builder_version=&#8221;4.22.2&#8243; _module_preset=&#8221;default&#8221; hover_enabled=&#8221;0&#8243; global_colors_info=&#8221;{}&#8221; sticky_enabled=&#8221;0&#8243;]<\/p>\n<p class=\"text-section\">The Priory is now used to vinify and age the wines. This history steeped building comprises three separate cellars houses tulip-shaped vats, 75 and 100 hectoliters truncated vats, 18.7 hectoliter tuns and amphorae.<\/p>\n<p class=\"text-section\">Certain areas of the cellars are carved into the sandy soils which date back 15 million years. They are connected to the main building via a tunnel that was formerly used by the monks.<\/p>\n<p class=\"text-section-it\">The Priory has been transformed into state of the art vinification and aging cellars, and also houses a classic and timeless reception area.<\/p>\n<p>[\/et_pb_text][\/et_pb_column][et_pb_column type=&#8221;1_2&#8243; _builder_version=&#8221;4.16&#8243; _module_preset=&#8221;default&#8221; global_colors_info=&#8221;{}&#8221;][et_pb_image alt=&#8221;Oratoire_182&#8243; title_text=&#8221;ORATOIRE DES PAPES_Prieure (2)&#8221; _builder_version=&#8221;4.22.2&#8243; _module_preset=&#8221;default&#8221; hover_enabled=&#8221;0&#8243; global_colors_info=&#8221;{}&#8221; src=&#8221;https:\/\/loratoiredespapes.fr\/wp-content\/uploads\/2023\/12\/ORATOIRE-DES-PAPES_Prieure-2.png&#8221; sticky_enabled=&#8221;0&#8243;][\/et_pb_image][\/et_pb_column][\/et_pb_row][\/et_pb_section][et_pb_section fb_built=&#8221;1&#8243; module_class=&#8221;section-txt-histoire&#8221; _builder_version=&#8221;4.16&#8243; _module_preset=&#8221;default&#8221; background_color=&#8221;#101820&#8243; custom_margin=&#8221;||100px||false|false&#8221; custom_padding=&#8221;50px||50px||false|false&#8221; global_colors_info=&#8221;{}&#8221;][et_pb_row _builder_version=&#8221;4.16&#8243; _module_preset=&#8221;default&#8221; global_colors_info=&#8221;{}&#8221;][et_pb_column type=&#8221;4_4&#8243; _builder_version=&#8221;4.16&#8243; _module_preset=&#8221;default&#8221; global_colors_info=&#8221;{}&#8221;][et_pb_code module_class=&#8221;title-mobile&#8221; _builder_version=&#8221;4.16&#8243; _module_preset=&#8221;default&#8221; custom_css_before=&#8221;content: %22RECEPTIONS%22;||font-family: %22bg-bk%22;||font-size: 65px;||color: #FFF;||opacity: 0.1;||position: absolute;||display: block;||width: 100%;||text-align: center;||&#8221; global_colors_info=&#8221;{}&#8221;]<\/p>\n<h2 class=\"title-section-fonce\"><!-- [et_pb_line_break_holder] -->  RECEPTIONS<!-- [et_pb_line_break_holder] --><\/h2>\n<p>[\/et_pb_code][\/et_pb_column][\/et_pb_row][et_pb_row column_structure=&#8221;1_2,1_2&#8243; make_equal=&#8221;on&#8221; _builder_version=&#8221;4.16&#8243; _module_preset=&#8221;default&#8221; max_width=&#8221;80%&#8221; custom_margin=&#8221;50px||50px||false|false&#8221; global_colors_info=&#8221;{}&#8221;][et_pb_column type=&#8221;1_2&#8243; _builder_version=&#8221;4.16&#8243; _module_preset=&#8221;default&#8221; global_colors_info=&#8221;{}&#8221;][et_pb_image src=&#8221;https:\/\/loratoiredespapes.fr\/wp-content\/uploads\/2023\/12\/CLOS_ORATOIRE_GASTRONOMY3_0297_FINAL-.jpg&#8221; alt=&#8221;Vall\u00e9e du Rh\u00f4ne &#8211; Heritage &#8211; 2021, inauguration de la %22table d&#8217;h\u00f4te%22&#8243; title_text=&#8221;CLOS_ORATOIRE_GASTRONOMY3_0297_FINAL&#8221; _builder_version=&#8221;4.22.2&#8243; _module_preset=&#8221;default&#8221; width=&#8221;500px&#8221; width_tablet=&#8221;500px&#8221; width_phone=&#8221;100%&#8221; width_last_edited=&#8221;on|phone&#8221; max_width=&#8221;500px&#8221; max_width_tablet=&#8221;500px&#8221; max_width_phone=&#8221;100%&#8221; max_width_last_edited=&#8221;on|phone&#8221; global_colors_info=&#8221;{}&#8221;][\/et_pb_image][et_pb_text module_class=&#8221;no-marge-mobile&#8221; _builder_version=&#8221;4.22.2&#8243; _module_preset=&#8221;default&#8221; custom_margin=&#8221;100px||100px||false|false&#8221; global_colors_info=&#8221;{}&#8221;]<\/p>\n<p class=\"text-section-fonce\">We propose vertical tastings of our red and white wines and the ultimate food and wine pairings thanks to dishes that have been specially created to suit each vintage.<\/p>\n<p class=\"text-section-fonce\">And for those with a passionate interest in cooking, take part in your Table d&#8217;H\u00f4tes by concocting a menu alongside the chef, who will reveal his secrets to you. &#8220;L&#8217;atelier culinaire du Prieur\u00e9&#8221; is a gourmet and convivial experience, marked by the transmission of know-how.<\/p>\n<p class=\"text-section-fonce\">\u2018La Table d\u2019H\u00f4te\u2019 can be privatized for your events and receptions. It seats up to 12 guests and promises a unique and unforgettable insight.<\/p>\n<p>[\/et_pb_text][et_pb_button button_url=&#8221;https:\/\/loratoiredespapes.fr\/en\/wine-tourism-activities\/&#8221; button_text=&#8221;BOOK&#8221; module_class=&#8221;btn-fonce&#8221; _builder_version=&#8221;4.22.2&#8243; _module_preset=&#8221;default&#8221; global_colors_info=&#8221;{}&#8221;][\/et_pb_button][\/et_pb_column][et_pb_column type=&#8221;1_2&#8243; module_class=&#8221;centrer-verticalement&#8221; _builder_version=&#8221;4.16&#8243; _module_preset=&#8221;default&#8221; global_colors_info=&#8221;{}&#8221;][et_pb_text module_class=&#8221;no-marge-mobile&#8221; _builder_version=&#8221;4.22.2&#8243; _module_preset=&#8221;default&#8221; custom_margin=&#8221;100px||100px|10%|false|false&#8221; global_colors_info=&#8221;{}&#8221;]<\/p>\n<p class=\"text-section-fonce\">The Priory is an authentic and timeless reception area for those wanting to take the L\u2019Oratoire des Papes experience one step further with wine tastings and dinners prepared in our traditional Provencal kitchen.<\/p>\n<p class=\"text-section-fonce\">\u2018La Table d\u2019H\u00f4te\u2019 is giving wine and gastronomy lovers the chance to enjoy exceptionally high quality local dishes prepared by our chef in our rotisserie and seasonal kitchen. These evenings offer a laid back and informal gastronomic experience.<\/p>\n<p>[\/et_pb_text][et_pb_image src=&#8221;https:\/\/loratoiredespapes.fr\/wp-content\/uploads\/2023\/12\/CLOS_ORATOIRE_GASRTONOMY1_0020_FINAL-.jpg&#8221; alt=&#8221;Oratoire_160&#8243; title_text=&#8221;CLOS_ORATOIRE_GASRTONOMY1_0020_FINAL&#8221; _builder_version=&#8221;4.22.2&#8243; _module_preset=&#8221;default&#8221; width=&#8221;500px&#8221; width_tablet=&#8221;500px&#8221; width_phone=&#8221;100%&#8221; width_last_edited=&#8221;on|phone&#8221; max_width=&#8221;500px&#8221; max_width_tablet=&#8221;500px&#8221; max_width_phone=&#8221;100%&#8221; max_width_last_edited=&#8221;on|phone&#8221; custom_margin=&#8221;|||10%|false|false&#8221; global_colors_info=&#8221;{}&#8221;][\/et_pb_image][\/et_pb_column][\/et_pb_row][\/et_pb_section][et_pb_section fb_built=&#8221;1&#8243; _builder_version=&#8221;4.22.2&#8243; _module_preset=&#8221;default&#8221; global_colors_info=&#8221;{}&#8221;][et_pb_row _builder_version=&#8221;4.22.2&#8243; _module_preset=&#8221;default&#8221; global_colors_info=&#8221;{}&#8221;][et_pb_column type=&#8221;4_4&#8243; _builder_version=&#8221;4.22.2&#8243; _module_preset=&#8221;default&#8221; global_colors_info=&#8221;{}&#8221;][\/et_pb_column][\/et_pb_row][\/et_pb_section]<\/p>\n","protected":false},"excerpt":{"rendered":"<p>THE PRIORYThe origins of the building date back to the era of the Princes of Orange in the early 16th century. In 1736, King Louis XV of France appropriated the pond and its outbuildings already surrounded by vines. Two centuries on, the Diocese of Avignon decided to establish residence on the site and convert it [&hellip;]<\/p>\n","protected":false},"author":1,"featured_media":0,"parent":0,"menu_order":0,"comment_status":"closed","ping_status":"closed","template":"","meta":{"_acf_changed":false,"_et_pb_use_builder":"on","_et_pb_old_content":"","_et_gb_content_width":"","inline_featured_image":false,"footnotes":""},"class_list":["post-1383","page","type-page","status-publish","hentry"],"acf":[],"yoast_head":"<!-- This site is optimized with the Yoast SEO plugin v27.3 - https:\/\/yoast.com\/product\/yoast-seo-wordpress\/ -->\n<title>The Priory - L&#039;Oratoire des Papes<\/title>\n<meta name=\"robots\" content=\"index, follow, max-snippet:-1, max-image-preview:large, max-video-preview:-1\" \/>\n<link rel=\"canonical\" href=\"https:\/\/loratoiredespapes.fr\/en\/le-prieure\/\" \/>\n<meta property=\"og:locale\" content=\"en_US\" \/>\n<meta property=\"og:type\" content=\"article\" \/>\n<meta property=\"og:title\" content=\"The Priory - L&#039;Oratoire des Papes\" \/>\n<meta property=\"og:description\" content=\"THE PRIORYThe origins of the building date back to the era of the Princes of Orange in the early 16th century. In 1736, King Louis XV of France appropriated the pond and its outbuildings already surrounded by vines. Two centuries on, the Diocese of Avignon decided to establish residence on the site and convert it [&hellip;]\" \/>\n<meta property=\"og:url\" content=\"https:\/\/loratoiredespapes.fr\/en\/le-prieure\/\" \/>\n<meta property=\"og:site_name\" content=\"L&#039;Oratoire des Papes\" \/>\n<meta property=\"article:publisher\" content=\"https:\/\/www.facebook.com\/loratoiredespapes\" \/>\n<meta property=\"article:modified_time\" content=\"2024-02-07T09:23:11+00:00\" \/>\n<meta property=\"og:image\" content=\"https:\/\/loratoiredespapes.fr\/wp-content\/uploads\/2023\/12\/LOGO-ODP.png\" \/>\n\t<meta property=\"og:image:width\" content=\"720\" \/>\n\t<meta property=\"og:image:height\" content=\"720\" \/>\n\t<meta property=\"og:image:type\" content=\"image\/png\" \/>\n<meta name=\"twitter:card\" content=\"summary_large_image\" \/>\n<meta name=\"twitter:label1\" content=\"Est. reading time\" \/>\n\t<meta name=\"twitter:data1\" content=\"7 minutes\" \/>\n<script type=\"application\/ld+json\" class=\"yoast-schema-graph\">{\"@context\":\"https:\\\/\\\/schema.org\",\"@graph\":[{\"@type\":\"WebPage\",\"@id\":\"https:\\\/\\\/loratoiredespapes.fr\\\/en\\\/le-prieure\\\/\",\"url\":\"https:\\\/\\\/loratoiredespapes.fr\\\/en\\\/le-prieure\\\/\",\"name\":\"The Priory - L&#039;Oratoire des Papes\",\"isPartOf\":{\"@id\":\"https:\\\/\\\/loratoiredespapes.fr\\\/en\\\/#website\"},\"datePublished\":\"2022-01-18T10:57:50+00:00\",\"dateModified\":\"2024-02-07T09:23:11+00:00\",\"breadcrumb\":{\"@id\":\"https:\\\/\\\/loratoiredespapes.fr\\\/en\\\/le-prieure\\\/#breadcrumb\"},\"inLanguage\":\"en-US\",\"potentialAction\":[{\"@type\":\"ReadAction\",\"target\":[\"https:\\\/\\\/loratoiredespapes.fr\\\/en\\\/le-prieure\\\/\"]}]},{\"@type\":\"BreadcrumbList\",\"@id\":\"https:\\\/\\\/loratoiredespapes.fr\\\/en\\\/le-prieure\\\/#breadcrumb\",\"itemListElement\":[{\"@type\":\"ListItem\",\"position\":1,\"name\":\"Accueil\",\"item\":\"https:\\\/\\\/loratoiredespapes.fr\\\/en\\\/\"},{\"@type\":\"ListItem\",\"position\":2,\"name\":\"The Priory\"}]},{\"@type\":\"WebSite\",\"@id\":\"https:\\\/\\\/loratoiredespapes.fr\\\/en\\\/#website\",\"url\":\"https:\\\/\\\/loratoiredespapes.fr\\\/en\\\/\",\"name\":\"L'oratoire des Papes\",\"description\":\"Ch\u00e2teauneuf-du-Pape\",\"publisher\":{\"@id\":\"https:\\\/\\\/loratoiredespapes.fr\\\/en\\\/#organization\"},\"alternateName\":\"L'oratoire des Papes\",\"potentialAction\":[{\"@type\":\"SearchAction\",\"target\":{\"@type\":\"EntryPoint\",\"urlTemplate\":\"https:\\\/\\\/loratoiredespapes.fr\\\/en\\\/?s={search_term_string}\"},\"query-input\":{\"@type\":\"PropertyValueSpecification\",\"valueRequired\":true,\"valueName\":\"search_term_string\"}}],\"inLanguage\":\"en-US\"},{\"@type\":\"Organization\",\"@id\":\"https:\\\/\\\/loratoiredespapes.fr\\\/en\\\/#organization\",\"name\":\"L'Oratoire des Papes\",\"alternateName\":\"L'Oratoire des Papes\",\"url\":\"https:\\\/\\\/loratoiredespapes.fr\\\/en\\\/\",\"logo\":{\"@type\":\"ImageObject\",\"inLanguage\":\"en-US\",\"@id\":\"https:\\\/\\\/loratoiredespapes.fr\\\/en\\\/#\\\/schema\\\/logo\\\/image\\\/\",\"url\":\"https:\\\/\\\/loratoiredespapes.fr\\\/wp-content\\\/uploads\\\/2023\\\/12\\\/LOGO-ODP.png\",\"contentUrl\":\"https:\\\/\\\/loratoiredespapes.fr\\\/wp-content\\\/uploads\\\/2023\\\/12\\\/LOGO-ODP.png\",\"width\":720,\"height\":720,\"caption\":\"L'Oratoire des Papes\"},\"image\":{\"@id\":\"https:\\\/\\\/loratoiredespapes.fr\\\/en\\\/#\\\/schema\\\/logo\\\/image\\\/\"},\"sameAs\":[\"https:\\\/\\\/www.facebook.com\\\/loratoiredespapes\",\"https:\\\/\\\/www.instagram.com\\\/loratoiredespapes\\\/\",\"https:\\\/\\\/www.linkedin.com\\\/company\\\/l-oratoire-des-papes\\\/\"]}]}<\/script>\n<!-- \/ Yoast SEO plugin. -->","yoast_head_json":{"title":"The Priory - L&#039;Oratoire des Papes","robots":{"index":"index","follow":"follow","max-snippet":"max-snippet:-1","max-image-preview":"max-image-preview:large","max-video-preview":"max-video-preview:-1"},"canonical":"https:\/\/loratoiredespapes.fr\/en\/le-prieure\/","og_locale":"en_US","og_type":"article","og_title":"The Priory - L&#039;Oratoire des Papes","og_description":"THE PRIORYThe origins of the building date back to the era of the Princes of Orange in the early 16th century. In 1736, King Louis XV of France appropriated the pond and its outbuildings already surrounded by vines. Two centuries on, the Diocese of Avignon decided to establish residence on the site and convert it [&hellip;]","og_url":"https:\/\/loratoiredespapes.fr\/en\/le-prieure\/","og_site_name":"L&#039;Oratoire des Papes","article_publisher":"https:\/\/www.facebook.com\/loratoiredespapes","article_modified_time":"2024-02-07T09:23:11+00:00","og_image":[{"width":720,"height":720,"url":"https:\/\/loratoiredespapes.fr\/wp-content\/uploads\/2023\/12\/LOGO-ODP.png","type":"image\/png"}],"twitter_card":"summary_large_image","twitter_misc":{"Est. reading time":"7 minutes"},"schema":{"@context":"https:\/\/schema.org","@graph":[{"@type":"WebPage","@id":"https:\/\/loratoiredespapes.fr\/en\/le-prieure\/","url":"https:\/\/loratoiredespapes.fr\/en\/le-prieure\/","name":"The Priory - L&#039;Oratoire des Papes","isPartOf":{"@id":"https:\/\/loratoiredespapes.fr\/en\/#website"},"datePublished":"2022-01-18T10:57:50+00:00","dateModified":"2024-02-07T09:23:11+00:00","breadcrumb":{"@id":"https:\/\/loratoiredespapes.fr\/en\/le-prieure\/#breadcrumb"},"inLanguage":"en-US","potentialAction":[{"@type":"ReadAction","target":["https:\/\/loratoiredespapes.fr\/en\/le-prieure\/"]}]},{"@type":"BreadcrumbList","@id":"https:\/\/loratoiredespapes.fr\/en\/le-prieure\/#breadcrumb","itemListElement":[{"@type":"ListItem","position":1,"name":"Accueil","item":"https:\/\/loratoiredespapes.fr\/en\/"},{"@type":"ListItem","position":2,"name":"The Priory"}]},{"@type":"WebSite","@id":"https:\/\/loratoiredespapes.fr\/en\/#website","url":"https:\/\/loratoiredespapes.fr\/en\/","name":"L'oratoire des Papes","description":"Ch\u00e2teauneuf-du-Pape","publisher":{"@id":"https:\/\/loratoiredespapes.fr\/en\/#organization"},"alternateName":"L'oratoire des Papes","potentialAction":[{"@type":"SearchAction","target":{"@type":"EntryPoint","urlTemplate":"https:\/\/loratoiredespapes.fr\/en\/?s={search_term_string}"},"query-input":{"@type":"PropertyValueSpecification","valueRequired":true,"valueName":"search_term_string"}}],"inLanguage":"en-US"},{"@type":"Organization","@id":"https:\/\/loratoiredespapes.fr\/en\/#organization","name":"L'Oratoire des Papes","alternateName":"L'Oratoire des Papes","url":"https:\/\/loratoiredespapes.fr\/en\/","logo":{"@type":"ImageObject","inLanguage":"en-US","@id":"https:\/\/loratoiredespapes.fr\/en\/#\/schema\/logo\/image\/","url":"https:\/\/loratoiredespapes.fr\/wp-content\/uploads\/2023\/12\/LOGO-ODP.png","contentUrl":"https:\/\/loratoiredespapes.fr\/wp-content\/uploads\/2023\/12\/LOGO-ODP.png","width":720,"height":720,"caption":"L'Oratoire des Papes"},"image":{"@id":"https:\/\/loratoiredespapes.fr\/en\/#\/schema\/logo\/image\/"},"sameAs":["https:\/\/www.facebook.com\/loratoiredespapes","https:\/\/www.instagram.com\/loratoiredespapes\/","https:\/\/www.linkedin.com\/company\/l-oratoire-des-papes\/"]}]}},"_links":{"self":[{"href":"https:\/\/loratoiredespapes.fr\/en\/wp-json\/wp\/v2\/pages\/1383","targetHints":{"allow":["GET"]}}],"collection":[{"href":"https:\/\/loratoiredespapes.fr\/en\/wp-json\/wp\/v2\/pages"}],"about":[{"href":"https:\/\/loratoiredespapes.fr\/en\/wp-json\/wp\/v2\/types\/page"}],"author":[{"embeddable":true,"href":"https:\/\/loratoiredespapes.fr\/en\/wp-json\/wp\/v2\/users\/1"}],"replies":[{"embeddable":true,"href":"https:\/\/loratoiredespapes.fr\/en\/wp-json\/wp\/v2\/comments?post=1383"}],"version-history":[{"count":28,"href":"https:\/\/loratoiredespapes.fr\/en\/wp-json\/wp\/v2\/pages\/1383\/revisions"}],"predecessor-version":[{"id":3920,"href":"https:\/\/loratoiredespapes.fr\/en\/wp-json\/wp\/v2\/pages\/1383\/revisions\/3920"}],"wp:attachment":[{"href":"https:\/\/loratoiredespapes.fr\/en\/wp-json\/wp\/v2\/media?parent=1383"}],"curies":[{"name":"wp","href":"https:\/\/api.w.org\/{rel}","templated":true}]}}